{"id":8475,"date":"2024-09-19T19:28:54","date_gmt":"2024-09-20T01:28:54","guid":{"rendered":"https:\/\/www.becarios.unam.mx\/Portal2018\/?page_id=8475"},"modified":"2024-10-28T11:13:23","modified_gmt":"2024-10-28T17:13:23","slug":"beca-manutencion-unam","status":"publish","type":"page","link":"https:\/\/www.becarios.unam.mx\/Portal2018\/?page_id=8475","title":{"rendered":"<h1><span style=\"font-family: 'Century Gothic'; color: #c5911e; \">BECA MANUTENCI\u00d3N UNAM<\/span><\/h1>"},"content":{"rendered":"\n\n\n<h3><span style=\"color: #183659; font-family: 'Century Gothic';\">Beca Manutenci\u00f3n 2025-1<\/span><\/h3>\n<p>&nbsp;<\/p>\n<table style=\"border-collapse: collapse; width: 100%;\">\n<tbody>\n<tr>\n<td style=\"width: 52.2917%;\">\n<h5 style=\"text-align: left;\"><strong><a style=\"color: #616161;\" href=\"https:\/\/www.becarios.unam.mx\/Portal2018\/wp-content\/uploads\/2024\/09\/CONVOCATORIA-BECA-MANUTENCION-UNAM-2025-1.pdf\" target=\"_blank\" rel=\"noopener noreferrer\"><span style=\"font-family: 'Century Gothic';\">Convocatoria<\/span><\/a><\/strong><\/h5>\n<h5 style=\"text-align: left;\"><strong><a style=\"color: #616161;\" href=\"https:\/\/www.becarios.unam.mx\/Portal2018\/wp-content\/uploads\/2024\/10\/CONVOCATORIA-MANUTENCION-UNAM-2025-1-FORMATO-ACCESIBLE.pdf\" target=\"_blank\" rel=\"noopener noreferrer\"><span style=\"font-family: 'Century Gothic';\">Convocatoria en formato accesible<\/span><\/a><\/strong><\/h5>\n<h5 style=\"text-align: left;\"><strong><a style=\"color: #616161;\" href=\"https:\/\/www.becarios.unam.mx\/Portal2018\/wp-content\/uploads\/2024\/09\/INFOGRAFIA-BECA-MANUTENCION-UNAM-2025-1.pdf\" target=\"_blank\" rel=\"noopener noreferrer\"><span style=\"font-family: 'Century Gothic';\">Infograf\u00eda<\/span><\/a><\/strong><\/h5>\n<!--<h5 style=\"text-align: left;\"><strong><a href=\"URL_CARTA\" target=\"_blank\" rel=\"noopener noreferrer\"><span style=\"font-family: 'Century Gothic'; color: #616161;\">Carta de postulaci\u00f3n<\/span><\/strong><\/a><\/h5>--> <!--<h5 style=\"text-align: left;\"><strong><a href=\"URL_DIRECTORIO\" target=\"_blank\" rel=\"noopener noreferrer\"><span style=\"font-family: 'Century Gothic'; color: #616161;\">Directorio de responsables<\/span><\/strong><\/a><\/h5>-->\n<h5 style=\"text-align: left;\"><strong><a style=\"color: #616161;\" href=\"https:\/\/www.integra.unam.mx\/\" target=\"_blank\" rel=\"noopener noreferrer\"><span style=\"font-family: 'Century Gothic';\">Registro de Solicitud<\/span><\/a><\/strong><\/h5>\n<h5 style=\"text-align: left;\"><strong><a href=\"https:\/\/www.integra.unam.mx\/\" target=\"_blank\" rel=\"noopener noreferrer\"><span style=\"font-family: 'Century Gothic'; color: #616161;\">Consulta de Resultados<\/span><\/a><\/strong><\/h5>\n<h5 style=\"text-align: left;\"><strong><a href=\"https:\/\/youtu.be\/2rTTtLZB8N0\" target=\"_blank\" rel=\"noopener noreferrer\"><span style=\"font-family: 'Century Gothic'; color: #616161;\">Proceso de Bancarizaci\u00f3n<\/span><\/a><\/strong><\/h5>\n<\/td>\n<td style=\"width: 47.7083%;\"><iframe loading=\"lazy\" src=\"\/\/www.youtube.com\/embed\/aOvX49UXBV4?si=pih34nmXv5iBWTZf\" width=\"560\" height=\"314\" allowfullscreen=\"allowfullscreen\"><\/iframe><\/td>\n<\/tr>\n<\/tbody>\n<\/table>\n<p>&nbsp;<\/p>\n\n\n\n<h1><span style=\"font-family: 'Century Gothic'; color: #c5911e;\">Aviso<\/span><\/h1>\n<p><img decoding=\"async\" class=\"aligncenter\" src=\"https:\/\/www.becarios.unam.mx\/Portal2018\/wp-content\/uploads\/2024\/10\/Aviso-DGOAE_DIRBECAS_prorroga-convocatorias-24-25-al-13-de-oct.jpg\"><\/p>\n\n\n\n<p>\u00a0<\/p>\n<p style=\"text-align: center;\"><strong><span style=\"font-family: 'Century Gothic'; color: #616161;\">Correo de contacto y atenci\u00f3n:<\/span><\/strong><br \/><strong><a style=\"color: #183659;\" href=\"mailto:dgoae.beca.manutencion@unam.mx\" target=\"_blank\" rel=\"noopener noreferrer\"><span style=\"font-family: 'Century Gothic';\"><span class=\"markedContent\"><span dir=\"ltr\" role=\"presentation\">dgoae.beca.manutencion@unam.mx<\/span><\/span><\/span><\/a><\/strong><\/p>\n","protected":false},"excerpt":{"rendered":"<p>Beca Manutenci\u00f3n 2025-1 &nbsp; Convocatoria Convocatoria en formato accesible Infograf\u00eda Registro de Solicitud Consulta de Resultados Proceso de Bancarizaci\u00f3n &nbsp; Aviso \u00a0 Correo de contacto y atenci\u00f3n:dgoae.beca.manutencion@unam.mx<\/p>\n","protected":false},"author":4,"featured_media":0,"parent":0,"menu_order":0,"comment_status":"closed","ping_status":"closed","template":"","meta":{"footnotes":""},"_links":{"self":[{"href":"https:\/\/www.becarios.unam.mx\/Portal2018\/index.php?rest_route=\/wp\/v2\/pages\/8475"}],"collection":[{"href":"https:\/\/www.becarios.unam.mx\/Portal2018\/index.php?rest_route=\/wp\/v2\/pages"}],"about":[{"href":"https:\/\/www.becarios.unam.mx\/Portal2018\/index.php?rest_route=\/wp\/v2\/types\/page"}],"author":[{"embeddable":true,"href":"https:\/\/www.becarios.unam.mx\/Portal2018\/index.php?rest_route=\/wp\/v2\/users\/4"}],"replies":[{"embeddable":true,"href":"https:\/\/www.becarios.unam.mx\/Portal2018\/index.php?rest_route=%2Fwp%2Fv2%2Fcomments&post=8475"}],"version-history":[{"count":11,"href":"https:\/\/www.becarios.unam.mx\/Portal2018\/index.php?rest_route=\/wp\/v2\/pages\/8475\/revisions"}],"predecessor-version":[{"id":9232,"href":"https:\/\/www.becarios.unam.mx\/Portal2018\/index.php?rest_route=\/wp\/v2\/pages\/8475\/revisions\/9232"}],"wp:attachment":[{"href":"https:\/\/www.becarios.unam.mx\/Portal2018\/index.php?rest_route=%2Fwp%2Fv2%2Fmedia&parent=8475"}],"curies":[{"name":"wp","href":"https:\/\/api.w.org\/{rel}","templated":true}]}}