{"id":7698,"date":"2024-03-19T14:50:09","date_gmt":"2024-03-19T20:50:09","guid":{"rendered":"https:\/\/www.becarios.unam.mx\/Portal2018\/?page_id=7698"},"modified":"2024-03-19T14:50:09","modified_gmt":"2024-03-19T20:50:09","slug":"7698-2","status":"publish","type":"page","link":"https:\/\/www.becarios.unam.mx\/Portal2018\/?page_id=7698","title":{"rendered":""},"content":{"rendered":"\n<!--<p><img decoding=\"async\" class=\"aligncenter\" src=\"https:\/\/www.becarios.unam.mx\/Portal2018\/wp-content\/uploads\/2024\/03\/aviso-bbj-1-scaled.jpg\" alt=\"\" \/><\/p>-->\n<h3><span style=\"font-family: 'Century Gothic'; color: #c5911e;\">Aviso febrero 2024<\/span><\/h3>\n<!--<p><img decoding=\"async\" class=\"aligncenter\" src=\"https:\/\/www.becarios.unam.mx\/Portal2018\/wp-content\/uploads\/2024\/03\/aviso-bbj-1-scaled.jpg\" alt=\"\" \/><\/p>-->\n<h4>\u00a0<\/h4>\n<h4 style=\"text-align: center;\"><span style=\"font-family: 'Century Gothic'; color: #ff0000;\">No olvides revisar si te encuentras dentro del padr\u00f3n de asistencia.<\/span><\/h4>\n<h4 style=\"text-align: center;\"><span style=\"font-family: 'Century Gothic'; color: #ff0000;\">En caso de requerir m\u00e1s informaci\u00f3n o para aclarar cualquier duda acude con el responsable de becas de tu plantel.<\/span><\/h4>\n<p>\u00a0<\/p>\n<p><img decoding=\"async\" class=\"aligncenter\" src=\"https:\/\/www.becarios.unam.mx\/Portal2018\/wp-content\/uploads\/2024\/03\/CALENDARIO-CCH-scaled.jpg\" alt=\"\" \/><\/p>\n<p><img decoding=\"async\" class=\"aligncenter\" src=\"https:\/\/www.becarios.unam.mx\/Portal2018\/wp-content\/uploads\/2024\/03\/CALENDARIO-ENP-scaled.jpg&quot;\" alt=\"\" \/><\/p>\n<p><img decoding=\"async\" class=\"aligncenter\" src=\"https:\/\/www.becarios.unam.mx\/Portal2018\/wp-content\/uploads\/2024\/03\/CALENDARIO-ENP-scaled.jpg\" alt=\"\" \/><\/p>\n<h3>\u00a0<\/h3>\n","protected":false},"excerpt":{"rendered":"<p>Aviso febrero 2024 \u00a0 No olvides revisar si te encuentras dentro del padr\u00f3n de asistencia. En caso de requerir m\u00e1s informaci\u00f3n o para aclarar cualquier duda acude con el responsable de becas de tu&#46;&#46;&#46;<\/p>\n","protected":false},"author":4,"featured_media":0,"parent":0,"menu_order":0,"comment_status":"closed","ping_status":"closed","template":"","meta":{"footnotes":""},"_links":{"self":[{"href":"https:\/\/www.becarios.unam.mx\/Portal2018\/index.php?rest_route=\/wp\/v2\/pages\/7698"}],"collection":[{"href":"https:\/\/www.becarios.unam.mx\/Portal2018\/index.php?rest_route=\/wp\/v2\/pages"}],"about":[{"href":"https:\/\/www.becarios.unam.mx\/Portal2018\/index.php?rest_route=\/wp\/v2\/types\/page"}],"author":[{"embeddable":true,"href":"https:\/\/www.becarios.unam.mx\/Portal2018\/index.php?rest_route=\/wp\/v2\/users\/4"}],"replies":[{"embeddable":true,"href":"https:\/\/www.becarios.unam.mx\/Portal2018\/index.php?rest_route=%2Fwp%2Fv2%2Fcomments&post=7698"}],"version-history":[{"count":2,"href":"https:\/\/www.becarios.unam.mx\/Portal2018\/index.php?rest_route=\/wp\/v2\/pages\/7698\/revisions"}],"predecessor-version":[{"id":8100,"href":"https:\/\/www.becarios.unam.mx\/Portal2018\/index.php?rest_route=\/wp\/v2\/pages\/7698\/revisions\/8100"}],"wp:attachment":[{"href":"https:\/\/www.becarios.unam.mx\/Portal2018\/index.php?rest_route=%2Fwp%2Fv2%2Fmedia&parent=7698"}],"curies":[{"name":"wp","href":"https:\/\/api.w.org\/{rel}","templated":true}]}}