{"id":4762,"date":"2022-05-14T09:07:14","date_gmt":"2022-05-14T15:07:14","guid":{"rendered":"https:\/\/www.becarios.unam.mx\/Portal2018\/?page_id=4762"},"modified":"2023-02-09T18:17:02","modified_gmt":"2023-02-10T00:17:02","slug":"historico-de-convocatorias-2021-2022","status":"publish","type":"page","link":"https:\/\/www.becarios.unam.mx\/Portal2018\/?page_id=4762","title":{"rendered":"<h1><span style=\"font-family: 'Century Gothic'; color: #c5911e; \">HIST\u00d3RICO DE CONVOCATORIAS 2021-2022<\/span><\/h1>"},"content":{"rendered":"\n<h3><span style=\"color: #183659; font-family: 'Century Gothic';\">Posgrado (Especialidad, Maestr\u00eda, Doctorado)<\/span><\/h3>\n<ul>\n<li><a style=\"color: #616161;\" href=\"https:\/\/www.becarios.unam.mx\/Portal2018\/wp-content\/uploads\/2022\/02\/CONVOCATORIA_PORTAL.pdf\" target=\"_blank\" rel=\"noopener noreferrer\"><span style=\"font-family: 'Century Gothic';\">Beca Conectividad UNAM 2022<\/span><\/a><\/li>\n<li><a style=\"color: #616161;\" href=\"https:\/\/www.becarios.unam.mx\/Portal2018\/wp-content\/uploads\/2022\/02\/CONVOCATORIA_ORIGINAL_PORTAL.pdf\" target=\"_blank\" rel=\"noopener noreferrer\"><span style=\"font-family: 'Century Gothic';\">Beca Tablet con Conectividad 2022<\/span><\/a><\/li>\n<\/ul>\n<h3><span style=\"color: #183659; font-family: 'Century Gothic';\">Egresados<\/span><\/h3>\n<ul>\n<li><a style=\"color: #616161;\" href=\"https:\/\/www.becarios.unam.mx\/Portal2018\/wp-content\/uploads\/2021\/10\/TITULACION_EGRESADOS_CONVO.pdf\" target=\"_blank\" rel=\"noopener noreferrer\"><span style=\"font-family: 'Century Gothic';\">Titulaci\u00f3n Alto Rendimiento<\/span><\/a><\/li>\n<li><a style=\"color: #616161;\" href=\"https:\/\/www.becarios.unam.mx\/Portal2018\/wp-content\/uploads\/2021\/10\/TITULACION_INVESTIGACION_CONVO.pdf\" target=\"_blank\" rel=\"noopener noreferrer\"><span style=\"font-family: 'Century Gothic';\">Titulaci\u00f3n Proyectos de Investigaci\u00f3n<\/span><\/a><\/li>\n<li><a style=\"color: #616161;\" href=\"https:\/\/www.becarios.unam.mx\/Portal2018\/wp-content\/uploads\/2021\/10\/TITULACION_EXTEMPORANEOS_CONVO.pdf\" target=\"_blank\" rel=\"noopener noreferrer\"><span style=\"font-family: 'Century Gothic';\">Titulaci\u00f3n Egresados Extempor\u00e1neos<\/span><\/a><\/li>\n<li><a style=\"color: #616161;\" href=\"https:\/\/www.becarios.unam.mx\/Portal2018\/wp-content\/uploads\/2021\/10\/TITULACION_ESPECIALIDAD_CONVO.pdf\" target=\"_blank\" rel=\"noopener noreferrer\"><span style=\"font-family: 'Century Gothic';\">Titulaci\u00f3n Egresados Especialidad<\/span><\/a><\/li>\n<li><a style=\"color: #616161;\" href=\"https:\/\/www.becarios.unam.mx\/Portal2018\/wp-content\/uploads\/2021\/10\/TITULACION_FILOSOFIA_CONVO.pdf\" target=\"_blank\" rel=\"noopener noreferrer\"><span style=\"font-family: 'Century Gothic';\">Titulaci\u00f3n facultad de Filosof\u00eda y Letras<\/span><\/a><\/li>\n<\/ul>\n<h3><span style=\"color: #183659; font-family: 'Century Gothic';\">Licenciatura<\/span><\/h3>\n<ul>\n<li><a style=\"color: #616161;\" href=\"https:\/\/www.becarios.unam.mx\/Portal2018\/wp-content\/uploads\/2021\/09\/Proyecto_becas_aapaunam_310821.pdf\" target=\"_blank\" rel=\"noopener noreferrer\"><span style=\"font-family: 'Century Gothic';\">AAPAUNAM 2021<\/span><\/a><\/li>\n<li><a style=\"color: #616161;\" href=\"https:\/\/www.becarios.unam.mx\/Portal2018\/wp-content\/uploads\/2021\/08\/Deportostas_2022_1.pdf\" target=\"_blank\" rel=\"noopener noreferrer\"><span style=\"font-family: 'Century Gothic';\">Beca para Alumnos Deportistas 2022-1<\/span><\/a><\/li>\n<li><a style=\"color: #616161;\" href=\"https:\/\/www.becarios.unam.mx\/Portal2018\/wp-content\/uploads\/2022\/02\/Equipos_rep_2022_2.pdf\" target=\"_blank\" rel=\"noopener noreferrer\"><span style=\"font-family: 'Century Gothic';\">Beca para Alumnos Deportistas 2022-2<\/span><\/a><\/li>\n<li><a style=\"color: #616161;\" href=\"https:\/\/www.becarios.unam.mx\/Portal2018\/wp-content\/uploads\/2021\/07\/MANUTENCION-UNAM-LOGO_portal.pdf\" target=\"_blank\" rel=\"noopener noreferrer\"> <span style=\"font-family: 'Century Gothic';\"> Beca para Apoyo a la Manutenci\u00f3n 2022-1<\/span><\/a><\/li>\n<li><a style=\"color: #616161;\" href=\"https:\/\/www.becarios.unam.mx\/Portal2018\/wp-content\/uploads\/2022\/05\/MANUTENCION_2022_2_Convocatoria.pdf\" target=\"_blank\" rel=\"noopener noreferrer\"> <span style=\"font-family: 'Century Gothic';\">Beca para Apoyo a la Manutenci\u00f3n 2022-2<\/span><\/a><\/li>\n<li><a style=\"color: #616161;\" href=\"https:\/\/www.becarios.unam.mx\/Portal2018\/wp-content\/uploads\/2021\/10\/BAJO_RENDIMIENTO.pdf\" target=\"_blank\" rel=\"noopener noreferrer\"> <span style=\"font-family: 'Century Gothic';\">Beca para Disminuir el Bajo Rendimiento Acad\u00e9mico<\/span><\/a><\/li>\n<li><a style=\"color: #616161;\" href=\"https:\/\/www.becarios.unam.mx\/Portal2018\/wp-content\/uploads\/2021\/10\/CONVOCATORIA_ALTO_RENDIMIENTO.pdf\" target=\"_blank\" rel=\"noopener noreferrer\"> <span style=\"font-family: 'Century Gothic';\"> FAEL y AEA<\/span><\/a><\/li>\n<li><a style=\"color: #616161;\" href=\"https:\/\/www.becarios.unam.mx\/Portal2018\/wp-content\/uploads\/2021\/11\/CONVO-ALTO-RENDIMIENTO_compressed.pdf\" target=\"_blank\" rel=\"noopener noreferrer\"><span style=\"font-family: 'Century Gothic';\">FAEL y AEA Extraordinaria<\/span><\/a><\/li>\n<li><a style=\"color: #616161;\" href=\"https:\/\/www.becarios.unam.mx\/Portal2018\/wp-content\/uploads\/2021\/10\/CONVOCATORIA_MUJERES.pdf\" target=\"_blank\" rel=\"noopener noreferrer\"> <span style=\"font-family: 'Century Gothic';\">Beca de Fortalecimiento Acad\u00e9mico para las Mujeres Universitarias.<\/span><\/a><\/li>\n<li><a style=\"color: #616161;\" href=\"https:\/\/www.becarios.unam.mx\/Portal2018\/wp-content\/uploads\/2021\/10\/GRUPOS_VULNERABLES.pdf\" target=\"_blank\" rel=\"noopener noreferrer\"> <span style=\"font-family: 'Century Gothic';\">Beca para Grupos Vulnerables 2021-2022<\/span><\/a><\/li>\n<li><span style=\"font-family: 'Century Gothic';\"><a style=\"color: #616161;\" href=\"https:\/\/www.becarios.unam.mx\/Portal2018\/wp-content\/uploads\/2022\/03\/CONVOCATORIA_GV_2022.pdf\" target=\"_blank\" rel=\"noopener noreferrer\">Beca para Grupos Vulnerables 2022<\/a><\/span><\/li>\n<li><span style=\"font-family: 'Century Gothic';\"><a style=\"color: #616161;\" href=\"https:\/\/www.becarios.unam.mx\/Portal2018\/wp-content\/uploads\/2022\/05\/GRUPOS_VULNERABLES_CONVOCATORIA_COMPLEMENTARIA.pdf\" target=\"_blank\" rel=\"noopener noreferrer\">Beca para Grupos Vulnerables 2022 2da Convocatoria<\/a><\/span><\/li>\n<li><a style=\"color: #616161;\" href=\"https:\/\/www.becarios.unam.mx\/Portal2018\/wp-content\/uploads\/2022\/02\/CONVOCATORIA_PORTAL.pdf\" target=\"_blank\" rel=\"noopener noreferrer\"><span style=\"font-family: 'Century Gothic';\">Beca Conectividad UNAM 2022<\/span><\/a><\/li>\n<li><a style=\"color: #616161;\" href=\"https:\/\/www.becarios.unam.mx\/Portal2018\/wp-content\/uploads\/2021\/11\/CONVOCATORIA_BECALOS.pdf\" target=\"_blank\" rel=\"noopener noreferrer\"><span style=\"font-family: 'Century Gothic';\">B\u00e9calos 2021 2022<\/span><\/a><\/li>\n<li><a style=\"color: #616161;\" href=\"https:\/\/www.becarios.unam.mx\/Portal2018\/wp-content\/uploads\/2022\/02\/CONVOCATORIA_ORIGINAL_PORTAL.pdf\" target=\"_blank\" rel=\"noopener noreferrer\"><span style=\"font-family: 'Century Gothic';\">Beca Tablet con Conectividad 2022<\/span><\/a><\/li>\n<li><a style=\"color: #616161;\" href=\"https:\/\/www.becarios.unam.mx\/Portal2018\/wp-content\/uploads\/2021\/11\/BECA-TABLETS-CON-CONECTIVIDAD-5_compressed.pdf\" target=\"_blank\" rel=\"noopener noreferrer\"><span style=\"font-family: 'Century Gothic';\">Beca Tablet con Conectividad Facultad de Arquitectura<\/span><\/a><\/li>\n<li><a style=\"color: #616161;\" href=\"https:\/\/www.becarios.unam.mx\/Portal2018\/wp-content\/uploads\/2021\/10\/CONVOCATORIA-VFINAL-_compressed.pdf\" target=\"_blank\" rel=\"noopener noreferrer\"><span style=\"font-family: 'Century Gothic';\">Beca HumanidadEs Solidaria<\/span><\/a><\/li>\n<li><a style=\"color: #616161;\" href=\"https:\/\/www.becarios.unam.mx\/Portal2018\/wp-content\/uploads\/2022\/04\/Apoyo_nutricional_2022_2_Convocatoria.pdf\" target=\"_blank\" rel=\"noopener noreferrer\"><span style=\"font-family: 'Century Gothic';\">Beca Apoyo Nutricional 2022-2<\/span><\/a><\/li>\n<li><a style=\"color: #616161;\" href=\"https:\/\/www.becarios.unam.mx\/Portal2018\/wp-content\/uploads\/2021\/01\/CONVOCATORIA-BECARIOS-2021-1.pdf\" target=\"_blank\" rel=\"noopener noreferrer\"><span style=\"font-family: 'Century Gothic';\">Beca Pr\u00e1cticas Profesionales 2021-1<\/span><\/a><\/li>\n<li><a style=\"color: #616161;\" href=\"https:\/\/www.becarios.unam.mx\/Portal2018\/wp-content\/uploads\/2021\/08\/PRACTICAS-PROFESIONALES-CONVOCATORIA_portal.pdf\" target=\"_blank\" rel=\"noopener noreferrer\"><span style=\"font-family: 'Century Gothic';\">Beca Pr\u00e1cticas Profesionales 2022-1<\/span><\/a><\/li>\n<li><a style=\"color: #616161;\" href=\"https:\/\/www.becarios.unam.mx\/Portal2018\/wp-content\/uploads\/2021\/10\/PRACTICAS_PROFESIONALES_CONVOCATORIA2.1.pdf\" target=\"_blank\" rel=\"noopener noreferrer\"><span style=\"font-family: 'Century Gothic';\">Beca Pr\u00e1cticas Profesionales 2022-1<\/span><\/a><\/li>\n<\/ul>\n<h3><span style=\"color: #183659; font-family: 'Century Gothic';\">Bachillerato<\/span><\/h3>\n<ul style=\"list-style-type: disc;\">\n<li><a style=\"color: #616161;\" href=\"https:\/\/www.becarios.unam.mx\/Portal2018\/wp-content\/uploads\/2021\/09\/Proyecto_becas_aapaunam_310821.pdf\" target=\"_blank\" rel=\"noopener noreferrer\"><span style=\"font-family: 'Century Gothic';\">AAPAUNAM 2021<\/span><\/a><\/li>\n<li><a style=\"color: #616161;\" href=\"https:\/\/www.becarios.unam.mx\/Portal2018\/wp-content\/uploads\/2021\/08\/Deportostas_2022_1.pdf\" target=\"_blank\" rel=\"noopener noreferrer\"><span style=\"font-family: 'Century Gothic';\">Beca para Alumnos Deportistas 2022-1<\/span><\/a><\/li>\n<li><a style=\"color: #616161;\" href=\"https:\/\/www.becarios.unam.mx\/Portal2018\/wp-content\/uploads\/2022\/02\/Equipos_rep_2022_2.pdf\" target=\"_blank\" rel=\"noopener noreferrer\"><span style=\"font-family: 'Century Gothic';\">Beca para Alumnos Deportistas 2022-2<\/span><\/a><\/li>\n<li><a style=\"color: #616161;\" href=\"https:\/\/www.becarios.unam.mx\/Portal2018\/wp-content\/uploads\/2022\/02\/CONVOCATORIA_PORTAL.pdf\" target=\"_blank\" rel=\"noopener noreferrer\"><span style=\"font-family: 'Century Gothic';\">Beca Conectividad UNAM 2022<\/span><\/a><\/li>\n<li><a style=\"color: #616161;\" href=\"https:\/\/www.becarios.unam.mx\/Portal2018\/wp-content\/uploads\/2022\/02\/CONVOCATORIA_ORIGINAL_PORTAL.pdf\" target=\"_blank\" rel=\"noopener noreferrer\"><span style=\"font-family: 'Century Gothic';\">Beca Tablet con Conectividad 2022<\/span><\/a><\/li>\n<\/ul>\n<h3><span style=\"color: #183659; font-family: 'Century Gothic';\">Iniciaci\u00f3n Universitaria<\/span><\/h3>\n<ul>\n<li><a style=\"color: #616161;\" href=\"https:\/\/www.becarios.unam.mx\/Portal2018\/wp-content\/uploads\/2022\/02\/CONVOCATORIA_PORTAL.pdf\" target=\"_blank\" rel=\"noopener noreferrer\"><span style=\"font-family: 'Century Gothic';\">Beca Conectividad UNAM 2022<\/span><\/a><\/li>\n<li><a style=\"color: #616161;\" href=\"https:\/\/www.becarios.unam.mx\/Portal2018\/wp-content\/uploads\/2022\/02\/CONVOCATORIA_ORIGINAL_PORTAL.pdf\" target=\"_blank\" rel=\"noopener noreferrer\"><span style=\"font-family: 'Century Gothic';\">Beca Tablet con Conectividad 2022<\/span><\/a><\/li>\n<li><a style=\"color: #616161;\" href=\"https:\/\/www.becarios.unam.mx\/Portal2018\/wp-content\/uploads\/2021\/10\/GRUPOS_VULNERABLES.pdf\" target=\"_blank\" rel=\"noopener noreferrer\"> <span style=\"font-family: 'Century Gothic';\">Beca para Grupos Vulnerables 2021-2022<\/span><\/a><\/li>\n<li><span style=\"font-family: 'Century Gothic';\"><a style=\"color: #616161;\" href=\"https:\/\/www.becarios.unam.mx\/Portal2018\/wp-content\/uploads\/2022\/03\/CONVOCATORIA_GV_2022.pdf\" target=\"_blank\" rel=\"noopener noreferrer\">Beca para Grupos Vulnerables 2022<\/a><\/span><\/li>\n<li><span style=\"font-family: 'Century Gothic';\"><a style=\"color: #616161;\" href=\"https:\/\/www.becarios.unam.mx\/Portal2018\/wp-content\/uploads\/2022\/05\/GRUPOS_VULNERABLES_CONVOCATORIA_COMPLEMENTARIA.pdf\" target=\"_blank\" rel=\"noopener noreferrer\">Beca para Grupos Vulnerables 2022 2da Convocatoria<\/a><\/span><\/li>\n<li><a style=\"color: #616161;\" href=\"https:\/\/www.becarios.unam.mx\/Portal2018\/wp-content\/uploads\/2021\/09\/Proyecto_becas_aapaunam_310821.pdf\" target=\"_blank\" rel=\"noopener noreferrer\"><span style=\"font-family: 'Century Gothic';\">AAPAUNAM 2021<\/span><\/a><\/li>\n<li><a style=\"color: #616161;\" href=\"https:\/\/www.becarios.unam.mx\/Portal2018\/wp-content\/uploads\/2021\/08\/Deportostas_2022_1.pdf\" target=\"_blank\" rel=\"noopener noreferrer\"><span style=\"font-family: 'Century Gothic';\">Beca para Alumnos Deportistas 2022-1<\/span><\/a><\/li>\n<li><a style=\"color: #616161;\" href=\"https:\/\/www.becarios.unam.mx\/Portal2018\/wp-content\/uploads\/2022\/02\/Equipos_rep_2022_2.pdf\" target=\"_blank\" rel=\"noopener noreferrer\"><span style=\"font-family: 'Century Gothic';\">Beca para Alumnos Deportistas 2022-2<\/span><\/a><\/li>\n<\/ul>\n","protected":false},"excerpt":{"rendered":"<p>Posgrado (Especialidad, Maestr\u00eda, Doctorado) Beca Conectividad UNAM 2022 Beca Tablet con Conectividad 2022 Egresados Titulaci\u00f3n Alto Rendimiento Titulaci\u00f3n Proyectos de Investigaci\u00f3n Titulaci\u00f3n Egresados Extempor\u00e1neos Titulaci\u00f3n Egresados Especialidad Titulaci\u00f3n facultad de Filosof\u00eda y Letras Licenciatura&#46;&#46;&#46;<\/p>\n","protected":false},"author":4,"featured_media":0,"parent":0,"menu_order":0,"comment_status":"closed","ping_status":"closed","template":"","meta":{"footnotes":""},"_links":{"self":[{"href":"https:\/\/www.becarios.unam.mx\/Portal2018\/index.php?rest_route=\/wp\/v2\/pages\/4762"}],"collection":[{"href":"https:\/\/www.becarios.unam.mx\/Portal2018\/index.php?rest_route=\/wp\/v2\/pages"}],"about":[{"href":"https:\/\/www.becarios.unam.mx\/Portal2018\/index.php?rest_route=\/wp\/v2\/types\/page"}],"author":[{"embeddable":true,"href":"https:\/\/www.becarios.unam.mx\/Portal2018\/index.php?rest_route=\/wp\/v2\/users\/4"}],"replies":[{"embeddable":true,"href":"https:\/\/www.becarios.unam.mx\/Portal2018\/index.php?rest_route=%2Fwp%2Fv2%2Fcomments&post=4762"}],"version-history":[{"count":19,"href":"https:\/\/www.becarios.unam.mx\/Portal2018\/index.php?rest_route=\/wp\/v2\/pages\/4762\/revisions"}],"predecessor-version":[{"id":6243,"href":"https:\/\/www.becarios.unam.mx\/Portal2018\/index.php?rest_route=\/wp\/v2\/pages\/4762\/revisions\/6243"}],"wp:attachment":[{"href":"https:\/\/www.becarios.unam.mx\/Portal2018\/index.php?rest_route=%2Fwp%2Fv2%2Fmedia&parent=4762"}],"curies":[{"name":"wp","href":"https:\/\/api.w.org\/{rel}","templated":true}]}}