{"id":10302,"date":"2025-09-17T15:26:00","date_gmt":"2025-09-17T21:26:00","guid":{"rendered":"https:\/\/www.becarios.unam.mx\/Portal2018\/?page_id=10302"},"modified":"2025-10-29T00:29:15","modified_gmt":"2025-10-29T06:29:15","slug":"beca-manuela-garin-pinillos-manutencion-unam","status":"publish","type":"page","link":"https:\/\/www.becarios.unam.mx\/Portal2018\/?page_id=10302","title":{"rendered":"<h1><span style=\"font-family: 'Century Gothic'; color: #c5911e; \">BECA MANUELA GAR\u00cdN PINILLOS MANUTENCI\u00d3N UNAM<\/span><\/h1>"},"content":{"rendered":"\n<h3><span style=\"color: #183659; font-family: 'Century Gothic';\">Beca Manuela Gar\u00edn Pinillos Manutenci\u00f3n UNAM <\/span><span style=\"color: #183659; font-family: 'Century Gothic';\">2026-1<\/span><\/h3>\n<table style=\"border-collapse: collapse; width: 100.119%; height: 369px;\">\n<tbody>\n<tr>\n<td style=\"width: 42.1044%;\">\n<h5 style=\"text-align: left;\"><strong><a style=\"color: #616161;\" href=\"https:\/\/www.becarios.unam.mx\/Portal2018\/wp-content\/uploads\/2025\/09\/Convocatoria-Beca-Manuela-Garin-Pinillos-Manutencion-UNAM-2026-1.pdf\" target=\"_blank\" rel=\"noopener noreferrer\"><span style=\"font-family: 'Century Gothic';\">Convocatoria<\/span><\/a><\/strong><\/h5>\n<h5 style=\"text-align: left;\"><strong><a style=\"color: #616161;\" href=\"https:\/\/www.becarios.unam.mx\/Portal2018\/wp-content\/uploads\/2025\/09\/Infografia-Beca-Manuela-Garin-Pinillos-Manutencion-UNAM-2026-1.pdf\" target=\"_blank\" rel=\"noopener noreferrer\"><span style=\"font-family: 'Century Gothic';\">Infograf\u00eda<\/span><\/a><\/strong><\/h5>\n<h5 style=\"text-align: left;\"><strong><a style=\"color: #616161;\" href=\"https:\/\/www.becarios.unam.mx\/Portal2018\/wp-content\/uploads\/2025\/09\/Preguntas-frecuentes-Manutencion-2025-2.pdf\" target=\"_blank\" rel=\"noopener noreferrer\"><span style=\"font-family: 'Century Gothic';\">Preguntas frecuentes<\/span><\/a><\/strong><\/h5>\n<h5 style=\"text-align: left;\"><strong><a style=\"color: #616161;\" href=\"https:\/\/www.becarios.unam.mx\/Portal2018\/wp-content\/uploads\/2025\/09\/Directorio-Enlaces-de-Becas_Planteles-Superior_2026-1.pdf\" target=\"_blank\" rel=\"noopener noreferrer\"><span style=\"font-family: 'Century Gothic';\">Directorio de enlaces y planteles<\/span><\/a><\/strong><\/h5>\n<h5 style=\"text-align: left;\"><strong><a style=\"color: #616161;\" href=\"https:\/\/www.integra.unam.mx\/\" target=\"_blank\" rel=\"noopener noreferrer\"><span style=\"font-family: 'Century Gothic';\">Consulta de resultados<\/span><\/a><\/strong><\/h5>\n<h5 style=\"text-align: left;\"><strong><a style=\"color: #616161;\" href=\"https:\/\/www.becarios.unam.mx\/Portal2018\/wp-content\/uploads\/2025\/10\/60873-Folios-de-Resultados_Manuela-Garin-Pinillos-Manutencion-UNAM-2026-1.pdf\" target=\"_blank\" rel=\"noopener noreferrer\"><span style=\"font-family: 'Century Gothic';\">Folios de resultados<\/span><\/a><\/strong><\/h5>\n<h5 style=\"text-align: left;\"><strong><a href=\"https:\/\/www.becarios.unam.mx\/Portal2018\/wp-content\/uploads\/2025\/09\/Proceso-de-renuncia-a-la-beca.pdf\" target=\"_blank\" rel=\"noopener noreferrer\"><span style=\"font-family: 'Century Gothic'; color: #616161;\">Proceso de renuncia a la beca<\/span><\/a><\/strong><\/h5>\n<h5 style=\"text-align: left;\"><strong><a href=\"https:\/\/www.becarios.unam.mx\/Portal2018\/wp-content\/uploads\/2025\/09\/Carta-para-Renuncia_Becas_formato-sugerido.pdf\" target=\"_blank\" rel=\"noopener noreferrer\"><span style=\"font-family: 'Century Gothic'; color: #616161;\">Carta para renuncia (formato sugerido)<\/span><\/a><\/strong><\/h5>\n<\/td>\n<td style=\"width: 55.273%;\">\n<p><img loading=\"lazy\" decoding=\"async\" class=\"alignleft\" src=\"https:\/\/www.becarios.unam.mx\/Portal2018\/wp-content\/uploads\/2025\/10\/FB_IMG_1758827573672-1.jpg\" alt=\"\" width=\"571\" height=\"571\" \/><\/p>\n<p><iframe loading=\"lazy\" src=\"\/\/www.youtube.com\/embed\/NdUZls9WElY\" width=\"560\" height=\"314\" allowfullscreen=\"allowfullscreen\"><\/iframe><iframe loading=\"lazy\" src=\"\/\/www.youtube.com\/embed\/YiMtNRtuSxw\" width=\"560\" height=\"314\" allowfullscreen=\"allowfullscreen\"><\/iframe><\/p>\n<\/td>\n<\/tr>\n<\/tbody>\n<\/table>\n<p>\u00a0<\/p>\n\n\n\n<p style=\"text-align: center;\"><strong><span style=\"font-family: 'Century Gothic'; color: #616161;\">Correo de contacto y atenci\u00f3n:<\/span><\/strong><br \/><strong><a style=\"color: #183659;\" href=\"mailto:dgoae.beca.manutencion@unam.mx\" target=\"_blank\" rel=\"noopener noreferrer\"><span style=\"font-family: 'Century Gothic';\"><span class=\"markedContent\"><span dir=\"ltr\" role=\"presentation\">dgoae.beca.manutencion@unam.mx<\/span><\/span><\/span><\/a><\/strong><\/p>\n","protected":false},"excerpt":{"rendered":"<p>Beca Manuela Gar\u00edn Pinillos Manutenci\u00f3n UNAM 2026-1 Convocatoria Infograf\u00eda Preguntas frecuentes Directorio de enlaces y planteles Consulta de resultados Folios de resultados Proceso de renuncia a la beca Carta para renuncia (formato sugerido) \u00a0&#46;&#46;&#46;<\/p>\n","protected":false},"author":4,"featured_media":0,"parent":0,"menu_order":0,"comment_status":"closed","ping_status":"closed","template":"","meta":{"footnotes":""},"_links":{"self":[{"href":"https:\/\/www.becarios.unam.mx\/Portal2018\/index.php?rest_route=\/wp\/v2\/pages\/10302"}],"collection":[{"href":"https:\/\/www.becarios.unam.mx\/Portal2018\/index.php?rest_route=\/wp\/v2\/pages"}],"about":[{"href":"https:\/\/www.becarios.unam.mx\/Portal2018\/index.php?rest_route=\/wp\/v2\/types\/page"}],"author":[{"embeddable":true,"href":"https:\/\/www.becarios.unam.mx\/Portal2018\/index.php?rest_route=\/wp\/v2\/users\/4"}],"replies":[{"embeddable":true,"href":"https:\/\/www.becarios.unam.mx\/Portal2018\/index.php?rest_route=%2Fwp%2Fv2%2Fcomments&post=10302"}],"version-history":[{"count":20,"href":"https:\/\/www.becarios.unam.mx\/Portal2018\/index.php?rest_route=\/wp\/v2\/pages\/10302\/revisions"}],"predecessor-version":[{"id":11713,"href":"https:\/\/www.becarios.unam.mx\/Portal2018\/index.php?rest_route=\/wp\/v2\/pages\/10302\/revisions\/11713"}],"wp:attachment":[{"href":"https:\/\/www.becarios.unam.mx\/Portal2018\/index.php?rest_route=%2Fwp%2Fv2%2Fmedia&parent=10302"}],"curies":[{"name":"wp","href":"https:\/\/api.w.org\/{rel}","templated":true}]}}